{"id":26,"date":"2018-09-04T02:11:41","date_gmt":"2018-09-03T23:11:41","guid":{"rendered":"http:\/\/ucretsiz.wordpresstema.com\/test1\/?page_id=26"},"modified":"2021-12-17T08:45:11","modified_gmt":"2021-12-17T08:45:11","slug":"hakkimizda","status":"publish","type":"page","link":"https:\/\/arkmakina.com\/?page_id=26","title":{"rendered":"HAKKIMIZDA"},"content":{"rendered":"<h2><img loading=\"lazy\" decoding=\"async\" class=\"wp-image-243 aligncenter\" src=\"http:\/\/arkmakina.com\/wp-content\/uploads\/2021\/12\/arkhakkimizda-300x114.jpg\" alt=\"\" width=\"600\" height=\"228\" srcset=\"https:\/\/arkmakina.com\/wp-content\/uploads\/2021\/12\/arkhakkimizda-300x114.jpg 300w, https:\/\/arkmakina.com\/wp-content\/uploads\/2021\/12\/arkhakkimizda-768x292.jpg 768w, https:\/\/arkmakina.com\/wp-content\/uploads\/2021\/12\/arkhakkimizda-3x1.jpg 3w, https:\/\/arkmakina.com\/wp-content\/uploads\/2021\/12\/arkhakkimizda.jpg 820w\" sizes=\"auto, (max-width: 600px) 100vw, 600px\" \/><\/h2>\n<h2><strong>Firmam\u0131z 1995 y\u0131l\u0131nda ba\u015flad\u0131\u011f\u0131 f\u0131r\u0131n ve pastane makineleri imalat\u0131nda bug\u00fcn uzman kadrosuyla f\u0131r\u0131n ve pastane sekt\u00f6r\u00fcne hizmet vermektedir.<\/strong><\/h2>\n<h2><strong>ARK MAK\u0130NA A.\u015e. \u00fcretmekte oldu\u011fu <\/strong><strong>Mikser , Kestart , Baston,\u00c7evirme makinelerinde yurt i\u00e7i pazar\u0131nda kendini kan\u0131tlam\u0131\u015ft\u0131r.Gen\u00e7 dinamik,kat\u0131l\u0131mc\u0131 kadromuzla hedeflerimize do\u011fru emin ad\u0131mlarla ilerlemeye devam etmekteyiz. <\/strong><\/h2>\n","protected":false},"excerpt":{"rendered":"<p>Firmam\u0131z 1995 y\u0131l\u0131nda ba\u015flad\u0131\u011f\u0131 f\u0131r\u0131n ve pastane makineleri imalat\u0131nda bug\u00fcn uzman kadrosuyla f\u0131r\u0131n ve pastane sekt\u00f6r\u00fcne hizmet vermektedir. ARK MAK\u0130NA A.\u015e. \u00fcretmekte oldu\u011fu Mikser , Kestart , Baston,\u00c7evirme makinelerinde yurt i\u00e7i pazar\u0131nda kendini kan\u0131tlam\u0131\u015ft\u0131r.Gen\u00e7 dinamik,kat\u0131l\u0131mc\u0131 kadromuzla hedeflerimize do\u011fru emin ad\u0131mlarla ilerlemeye devam etmekteyiz.<\/p>\n","protected":false},"author":1,"featured_media":0,"parent":0,"menu_order":0,"comment_status":"closed","ping_status":"closed","template":"","meta":{"footnotes":""},"class_list":["post-26","page","type-page","status-publish","hentry"],"_links":{"self":[{"href":"https:\/\/arkmakina.com\/index.php?rest_route=\/wp\/v2\/pages\/26","targetHints":{"allow":["GET"]}}],"collection":[{"href":"https:\/\/arkmakina.com\/index.php?rest_route=\/wp\/v2\/pages"}],"about":[{"href":"https:\/\/arkmakina.com\/index.php?rest_route=\/wp\/v2\/types\/page"}],"author":[{"embeddable":true,"href":"https:\/\/arkmakina.com\/index.php?rest_route=\/wp\/v2\/users\/1"}],"replies":[{"embeddable":true,"href":"https:\/\/arkmakina.com\/index.php?rest_route=%2Fwp%2Fv2%2Fcomments&post=26"}],"version-history":[{"count":4,"href":"https:\/\/arkmakina.com\/index.php?rest_route=\/wp\/v2\/pages\/26\/revisions"}],"predecessor-version":[{"id":244,"href":"https:\/\/arkmakina.com\/index.php?rest_route=\/wp\/v2\/pages\/26\/revisions\/244"}],"wp:attachment":[{"href":"https:\/\/arkmakina.com\/index.php?rest_route=%2Fwp%2Fv2%2Fmedia&parent=26"}],"curies":[{"name":"wp","href":"https:\/\/api.w.org\/{rel}","templated":true}]}}