{"id":28,"date":"2018-09-04T02:11:48","date_gmt":"2018-09-03T23:11:48","guid":{"rendered":"http:\/\/ucretsiz.wordpresstema.com\/test1\/?page_id=28"},"modified":"2021-12-17T08:51:45","modified_gmt":"2021-12-17T08:51:45","slug":"iletisim","status":"publish","type":"page","link":"https:\/\/arkmakina.com\/?page_id=28","title":{"rendered":"\u0130LET\u0130\u015e\u0130M"},"content":{"rendered":"\n<div>&nbsp;<\/div>\n\n\n\n<div>\n<p><a href=\"http:\/\/iframe%20src=https:\/\/www.google.com\/maps\/embed?pb=!1m18!1m12!1m3!1d3015.3388852208273!2d29.222411414801154!3d40.90831487931106!2m3!1f0!2f0!3f0!3m2!1i1024!2i768!4f13.1!3m3!1m2!1s0x14cac4c9dc28be83%3A0x43693a5a8b81380c!2sCumhuriyet%2C%20Bahariye%20Sk.%20No%3A7%2C%2034876%20Kartal%2F%C4%B0stanbul!5e0!3m2!1str!2str!4v1639730879310!5m2!1str!2str%20width=400%20height=300%20style=border:0;%20allowfullscreen=%20loading=lazy\/iframe\"><iframe loading=\"lazy\" style=\"border: 0;\" src=\"https:\/\/www.google.com\/maps\/embed?pb=!1m18!1m12!1m3!1d3015.3388852208273!2d29.222411414801154!3d40.90831487931106!2m3!1f0!2f0!3f0!3m2!1i1024!2i768!4f13.1!3m3!1m2!1s0x14cac4c9dc28be83%3A0x43693a5a8b81380c!2sCumhuriyet%2C%20Bahariye%20Sk.%20No%3A7%2C%2034876%20Kartal%2F%C4%B0stanbul!5e0!3m2!1str!2str!4v1639730879310!5m2!1str!2str\" width=\"400\" height=\"300\" allowfullscreen=\"allowfullscreen\"><\/iframe><\/a><\/p><div role=\"form\" class=\"wpcf7\" id=\"wpcf7-f87-o1\" lang=\"tr-TR\" dir=\"ltr\">\n<div class=\"screen-reader-response\"><p role=\"status\" aria-live=\"polite\" aria-atomic=\"true\"><\/p> <ul><\/ul><\/div>\n<form action=\"\/index.php?rest_route=%2Fwp%2Fv2%2Fpages%2F28#wpcf7-f87-o1\" method=\"post\" class=\"wpcf7-form init\" novalidate=\"novalidate\" data-status=\"init\">\n<div style=\"display: none;\">\n<input type=\"hidden\" name=\"_wpcf7\" value=\"87\" \/>\n<input type=\"hidden\" name=\"_wpcf7_version\" value=\"5.5.2\" \/>\n<input type=\"hidden\" name=\"_wpcf7_locale\" value=\"tr_TR\" \/>\n<input type=\"hidden\" name=\"_wpcf7_unit_tag\" value=\"wpcf7-f87-o1\" \/>\n<input type=\"hidden\" name=\"_wpcf7_container_post\" value=\"0\" \/>\n<input type=\"hidden\" name=\"_wpcf7_posted_data_hash\" value=\"\" \/>\n<\/div>\n<p><label> Ad\u0131n\u0131z (gerekli)<br \/>\n    <span class=\"wpcf7-form-control-wrap your-name\"><input type=\"text\" name=\"your-name\" value=\"\" size=\"40\" class=\"wpcf7-form-control wpcf7-text wpcf7-validates-as-required\" aria-required=\"true\" aria-invalid=\"false\" \/><\/span> <\/label><\/p>\n<p><label> E-posta adresiniz (gerekli)<br \/>\n    <span class=\"wpcf7-form-control-wrap your-email\"><input type=\"email\" name=\"your-email\" value=\"\" size=\"40\" class=\"wpcf7-form-control wpcf7-text wpcf7-email wpcf7-validates-as-required wpcf7-validates-as-email\" aria-required=\"true\" aria-invalid=\"false\" \/><\/span> <\/label><\/p>\n<p><label> Konu<br \/>\n    <span class=\"wpcf7-form-control-wrap your-subject\"><input type=\"text\" name=\"your-subject\" value=\"\" size=\"40\" class=\"wpcf7-form-control wpcf7-text\" aria-invalid=\"false\" \/><\/span> <\/label><\/p>\n<p><label> \u0130letiniz<br \/>\n    <span class=\"wpcf7-form-control-wrap your-message\"><textarea name=\"your-message\" cols=\"40\" rows=\"10\" class=\"wpcf7-form-control wpcf7-textarea\" aria-invalid=\"false\"><\/textarea><\/span> <\/label><\/p>\n<p><input type=\"submit\" value=\"G\u00f6nder\" class=\"wpcf7-form-control has-spinner wpcf7-submit\" \/><\/p>\n<div class=\"wpcf7-response-output\" aria-hidden=\"true\"><\/div><\/form><\/div>\n<\/div>\n","protected":false},"excerpt":{"rendered":"<p>&nbsp;<\/p>\n","protected":false},"author":1,"featured_media":0,"parent":0,"menu_order":0,"comment_status":"closed","ping_status":"closed","template":"page-templates\/full-width.php","meta":{"footnotes":""},"class_list":["post-28","page","type-page","status-publish","hentry"],"_links":{"self":[{"href":"https:\/\/arkmakina.com\/index.php?rest_route=\/wp\/v2\/pages\/28","targetHints":{"allow":["GET"]}}],"collection":[{"href":"https:\/\/arkmakina.com\/index.php?rest_route=\/wp\/v2\/pages"}],"about":[{"href":"https:\/\/arkmakina.com\/index.php?rest_route=\/wp\/v2\/types\/page"}],"author":[{"embeddable":true,"href":"https:\/\/arkmakina.com\/index.php?rest_route=\/wp\/v2\/users\/1"}],"replies":[{"embeddable":true,"href":"https:\/\/arkmakina.com\/index.php?rest_route=%2Fwp%2Fv2%2Fcomments&post=28"}],"version-history":[{"count":5,"href":"https:\/\/arkmakina.com\/index.php?rest_route=\/wp\/v2\/pages\/28\/revisions"}],"predecessor-version":[{"id":249,"href":"https:\/\/arkmakina.com\/index.php?rest_route=\/wp\/v2\/pages\/28\/revisions\/249"}],"wp:attachment":[{"href":"https:\/\/arkmakina.com\/index.php?rest_route=%2Fwp%2Fv2%2Fmedia&parent=28"}],"curies":[{"name":"wp","href":"https:\/\/api.w.org\/{rel}","templated":true}]}}