{"id":32,"date":"2018-09-04T02:12:36","date_gmt":"2018-09-03T23:12:36","guid":{"rendered":"http:\/\/ucretsiz.wordpresstema.com\/test1\/?page_id=32"},"modified":"2021-12-20T07:42:58","modified_gmt":"2021-12-20T07:42:58","slug":"referanslarimiz","status":"publish","type":"page","link":"https:\/\/arkmakina.com\/?page_id=32","title":{"rendered":"REFERANSLARIMIZ"},"content":{"rendered":" \n \t<div class=\"wppap-main-wrapper wpapap-clearfix\">\n\n\t\t<ul id=\"thumbs-1\" class=\"wppap-thumbs\">\n\t\t\t\t<li class=\"thum-list\">\n\t\t\t\t\t<a href=\"#thumb1\" class=\"wppap-thumbnail\" style=\"background-image: url('https:\/\/arkmakina.com\/wp-content\/uploads\/2021\/12\/bogazici-e1639988051546.jpg')\">\n\t\t\t\t\t\t<span class=\"wppap-description\">BO\u011eAZ\u0130\u00c7\u0130 F\u0131r\u0131n<\/span>\n\t\t\t\t\t<\/a>\n\t\t\t    <\/li>\n\t\t\t\n\t\t\t\t<li class=\"thum-list\">\n\t\t\t\t\t<a href=\"#thumb2\" class=\"wppap-thumbnail\" style=\"background-image: url('https:\/\/arkmakina.com\/wp-content\/uploads\/2018\/09\/basyar.jpg')\">\n\t\t\t\t\t\t<span class=\"wppap-description\">BASYAR Unlu Mam\u00fclleri<\/span>\n\t\t\t\t\t<\/a>\n\t\t\t    <\/li>\n\t\t\t\n\t\t\t\t<li class=\"thum-list\">\n\t\t\t\t\t<a href=\"#thumb3\" class=\"wppap-thumbnail\" style=\"background-image: url('https:\/\/arkmakina.com\/wp-content\/uploads\/2018\/09\/unseli-unlu-mamulleri-corlu.jpg')\">\n\t\t\t\t\t\t<span class=\"wppap-description\">\u00dcNSEL\u0130 Unlu Mam\u00fclleri<\/span>\n\t\t\t\t\t<\/a>\n\t\t\t    <\/li>\n\t\t\t\t\t\t<div class=\"thumb-conf\">{\"grid\":3}<\/div>\n\t\t<\/ul>\n\n\t\t<div class=\"wppap-portfolio-content\">\n\n\t\t\t\n\t\t\t\t<div id=\"thumb1\">\t\t\t\t\t\t<div class=\"wppap-medium-6 wppap-columns\">\n\t\t\t\t\t\t\t<div class=\"wppap-slider-wrapper\">\n\t\t\t\t\t\t\t\t<div id=\"wppap-slider-1\" class=\"wpapap-portfolio-img-slider thumb3\">\t\t\t\t\t\t\t\t\t\t\t<div class=\"portfolio-slide\">\n\t\t\t\t\t\t\t\t\t\t\t\t<img decoding=\"async\" src=\"https:\/\/arkmakina.com\/wp-content\/uploads\/2021\/12\/bogazici-e1639988051546.jpg\" alt=\"bogazici\" \/>\n\t\t\t\t\t\t\t\t\t\t\t<\/div>\t\t\t\t\t\t\t\t\t\t\t<div class=\"portfolio-slide\">\n\t\t\t\t\t\t\t\t\t\t\t\t<img decoding=\"async\" src=\"https:\/\/arkmakina.com\/wp-content\/uploads\/2021\/12\/bastonb2-e1639988118608.png\" alt=\"bastonb2\" \/>\n\t\t\t\t\t\t\t\t\t\t\t<\/div>\t\t\t\t\t\t\t\t\t\t\t<div class=\"portfolio-slide\">\n\t\t\t\t\t\t\t\t\t\t\t\t<img decoding=\"async\" src=\"https:\/\/arkmakina.com\/wp-content\/uploads\/2021\/12\/ekmekb2.jpg\" alt=\"ekmekb2\" \/>\n\t\t\t\t\t\t\t\t\t\t\t<\/div>\t\t\t\t\t\t\t\t<\/div>\n\t\t\t\t\t\t\t\t<div class=\"wppap-slider-conf\">{\"dots\":\"true\",\"arrows\":\"true\",\"effect\":\"slide\"}<\/div>\n\t\t\t\t\t\t\t<\/div>\n\t\t\t\t\t\t<\/div>\n\t\t\t\t\t\t\t\t\t\t<div class=\"wppap-medium-6 wppap-columns\">\n\t\t\t\t     \t<div class=\"wppap-right-content\">\n\t\t\t\t            <div class=\"wppap-title\">BO\u011eAZ\u0130\u00c7\u0130 F\u0131r\u0131n<\/div>\n\t\t\t\t            <div class=\"wppap-content\"><strong>Pendik Bo\u011fazi\u00e7i firin makinasi hay\u0131rl\u0131 olsun <\/strong><\/div>\n\t\t\t\t     \t\t\t\t\t\t            \t<a href=\"https:\/\/arkmakina.com\/?page_id=32#thumb1\" class=\"wppap-project-url-btn\" target=\"_blank\">Learn More<\/a>\n\t\t\t\t            \t\t\t            <\/div>\n\t\t            <\/div>\n\t\t        <\/div>\n\t\t\t \n\t\t\t\t<div id=\"thumb2\">\t\t\t\t\t\t<div class=\"wppap-medium-6 wppap-columns\">\n\t\t\t\t\t\t\t<div class=\"wppap-slider-wrapper\">\n\t\t\t\t\t\t\t\t<div id=\"wppap-slider-2\" class=\"wpapap-portfolio-img-slider thumb3\">\t\t\t\t\t\t\t\t\t\t\t<div class=\"portfolio-slide\">\n\t\t\t\t\t\t\t\t\t\t\t\t<img decoding=\"async\" src=\"https:\/\/arkmakina.com\/wp-content\/uploads\/2018\/09\/basyar.jpg\" alt=\"basyar\" \/>\n\t\t\t\t\t\t\t\t\t\t\t<\/div>\t\t\t\t\t\t\t\t\t\t\t<div class=\"portfolio-slide\">\n\t\t\t\t\t\t\t\t\t\t\t\t<img decoding=\"async\" src=\"https:\/\/arkmakina.com\/wp-content\/uploads\/2018\/09\/bastonb.jpg\" alt=\"bastonb\" \/>\n\t\t\t\t\t\t\t\t\t\t\t<\/div>\t\t\t\t\t\t\t\t\t\t\t<div class=\"portfolio-slide\">\n\t\t\t\t\t\t\t\t\t\t\t\t<img decoding=\"async\" src=\"https:\/\/arkmakina.com\/wp-content\/uploads\/2018\/09\/ekmekb.jpg\" alt=\"ekmekb\" \/>\n\t\t\t\t\t\t\t\t\t\t\t<\/div>\t\t\t\t\t\t\t\t<\/div>\n\t\t\t\t\t\t\t\t<div class=\"wppap-slider-conf\">{\"dots\":\"true\",\"arrows\":\"true\",\"effect\":\"slide\"}<\/div>\n\t\t\t\t\t\t\t<\/div>\n\t\t\t\t\t\t<\/div>\n\t\t\t\t\t\t\t\t\t\t<div class=\"wppap-medium-6 wppap-columns\">\n\t\t\t\t     \t<div class=\"wppap-right-content\">\n\t\t\t\t            <div class=\"wppap-title\">BASYAR Unlu Mam\u00fclleri<\/div>\n\t\t\t\t            <div class=\"wppap-content\"><div dir=\"auto\">Edirne BAYSAR UNLU MAM\u00dcLLER\u0130 AL\u0130 BU\u011eDAY abimizin makinas\u0131n\u0131 teslim ettik hay\u0131rl\u0131 olsun.<\/div>\r\n<div dir=\"auto\">G\u00f6stermi\u015f olduklar\u0131 misafirperverlik den ve bizi tercih ettiklerinden dolay\u0131 te\u015fekk\u00fcr eder hay\u0131rl\u0131 i\u015fler dileriz<\/div>\r\n<div dir=\"auto\"><\/div><\/div>\n\t\t\t\t     \t\t\t\t\t\t            \t<a href=\"https:\/\/arkmakina.com\/?page_id=32#thumb1\" class=\"wppap-project-url-btn\" target=\"_blank\">Learn More<\/a>\n\t\t\t\t            \t\t\t            <\/div>\n\t\t            <\/div>\n\t\t        <\/div>\n\t\t\t \n\t\t\t\t<div id=\"thumb3\">\t\t\t\t\t\t<div class=\"wppap-medium-6 wppap-columns\">\n\t\t\t\t\t\t\t<div class=\"wppap-slider-wrapper\">\n\t\t\t\t\t\t\t\t<div id=\"wppap-slider-3\" class=\"wpapap-portfolio-img-slider thumb3\">\t\t\t\t\t\t\t\t\t\t\t<div class=\"portfolio-slide\">\n\t\t\t\t\t\t\t\t\t\t\t\t<img decoding=\"async\" src=\"https:\/\/arkmakina.com\/wp-content\/uploads\/2021\/12\/unseli-unlu-mamulleri-corlu-edited-1-e1639985969386.jpg\" alt=\"unseli-unlu-mamulleri-corlu\" \/>\n\t\t\t\t\t\t\t\t\t\t\t<\/div>\t\t\t\t\t\t\t\t\t\t\t<div class=\"portfolio-slide\">\n\t\t\t\t\t\t\t\t\t\t\t\t<img decoding=\"async\" src=\"https:\/\/arkmakina.com\/wp-content\/uploads\/2018\/09\/ekmek.jpg\" alt=\"ekmek\" \/>\n\t\t\t\t\t\t\t\t\t\t\t<\/div>\t\t\t\t\t\t\t\t\t\t\t<div class=\"portfolio-slide\">\n\t\t\t\t\t\t\t\t\t\t\t\t<img decoding=\"async\" src=\"https:\/\/arkmakina.com\/wp-content\/uploads\/2018\/09\/bastonkopya.jpg\" alt=\"bastonkopya\" \/>\n\t\t\t\t\t\t\t\t\t\t\t<\/div>\t\t\t\t\t\t\t\t<\/div>\n\t\t\t\t\t\t\t\t<div class=\"wppap-slider-conf\">{\"dots\":\"true\",\"arrows\":\"true\",\"effect\":\"slide\"}<\/div>\n\t\t\t\t\t\t\t<\/div>\n\t\t\t\t\t\t<\/div>\n\t\t\t\t\t\t\t\t\t\t<div class=\"wppap-medium-6 wppap-columns\">\n\t\t\t\t     \t<div class=\"wppap-right-content\">\n\t\t\t\t            <div class=\"wppap-title\">\u00dcNSEL\u0130 Unlu Mam\u00fclleri<\/div>\n\t\t\t\t            <div class=\"wppap-content\"><strong>\u00dcnseli Unlu Mam\u00fclleri (\u00c7ORLU)\u00a0<\/strong>\r\n\r\n<strong>Karaf\u0131r\u0131n BASTON Makinesi<\/strong><\/div>\n\t\t\t\t     \t\t\t\t\t\t            \t<a href=\"http:\/\/www.wordprestema.com\" class=\"wppap-project-url-btn\" target=\"_blank\">Learn More<\/a>\n\t\t\t\t            \t\t\t            <\/div>\n\t\t            <\/div>\n\t\t        <\/div>\n\t\t\t \t\t<\/div>\n\t<\/div>\n\t\n\n\n<p><\/p>\n","protected":false},"excerpt":{"rendered":"","protected":false},"author":1,"featured_media":0,"parent":0,"menu_order":0,"comment_status":"closed","ping_status":"closed","template":"page-templates\/full-width.php","meta":{"footnotes":""},"class_list":["post-32","page","type-page","status-publish","hentry"],"_links":{"self":[{"href":"https:\/\/arkmakina.com\/index.php?rest_route=\/wp\/v2\/pages\/32","targetHints":{"allow":["GET"]}}],"collection":[{"href":"https:\/\/arkmakina.com\/index.php?rest_route=\/wp\/v2\/pages"}],"about":[{"href":"https:\/\/arkmakina.com\/index.php?rest_route=\/wp\/v2\/types\/page"}],"author":[{"embeddable":true,"href":"https:\/\/arkmakina.com\/index.php?rest_route=\/wp\/v2\/users\/1"}],"replies":[{"embeddable":true,"href":"https:\/\/arkmakina.com\/index.php?rest_route=%2Fwp%2Fv2%2Fcomments&post=32"}],"version-history":[{"count":4,"href":"https:\/\/arkmakina.com\/index.php?rest_route=\/wp\/v2\/pages\/32\/revisions"}],"predecessor-version":[{"id":266,"href":"https:\/\/arkmakina.com\/index.php?rest_route=\/wp\/v2\/pages\/32\/revisions\/266"}],"wp:attachment":[{"href":"https:\/\/arkmakina.com\/index.php?rest_route=%2Fwp%2Fv2%2Fmedia&parent=32"}],"curies":[{"name":"wp","href":"https:\/\/api.w.org\/{rel}","templated":true}]}}